{"id":220,"date":"2022-10-31T22:46:46","date_gmt":"2022-10-31T22:46:46","guid":{"rendered":"https:\/\/inheiden.de\/?page_id=220"},"modified":"2023-06-05T16:02:14","modified_gmt":"2023-06-05T16:02:14","slug":"dorfansichten","status":"publish","type":"page","link":"https:\/\/inheiden.de\/?page_id=220","title":{"rendered":"Dorfansichten"},"content":{"rendered":"\n<p>Im Jahresverlauf unseres Jubil\u00e4umsjahr werden wir hier jeden Monat zus\u00e4tzliche Informationen zu den Kalenderbildern freischalten. <br>Januar: Hof D\u00f6ffinger<br>Februar: Hof Bernshausen<\/p>\n\n\n<div class=\"wp-block-image\">\n<figure class=\"aligncenter size-thumbnail is-resized\"><a href=\"https:\/\/inheiden.de\/?page_id=246\"><img loading=\"lazy\" decoding=\"async\" src=\"https:\/\/inheiden.de\/wp-content\/uploads\/2022\/10\/DSC03437_small-150x150.jpg\" alt=\"\" class=\"wp-image-240\" width=\"150\" height=\"150\"\/><\/a><figcaption class=\"wp-element-caption\"><strong>Grundschule Inheiden<\/strong><\/figcaption><\/figure>\n<\/div>\n\n<div class=\"wp-block-image\">\n<figure class=\"aligncenter size-thumbnail\"><a href=\"https:\/\/inheiden.de\/?page_id=268\"><img loading=\"lazy\" decoding=\"async\" width=\"150\" height=\"150\" src=\"https:\/\/inheiden.de\/wp-content\/uploads\/2022\/10\/DSC01816_small-150x150.jpg\" alt=\"\" class=\"wp-image-242\"\/><\/a><figcaption class=\"wp-element-caption\"><strong>ehemals Volksbank Inheiden<\/strong><\/figcaption><\/figure>\n<\/div>\n\n<div class=\"wp-block-image\">\n<figure class=\"aligncenter size-thumbnail\"><a href=\"https:\/\/inheiden.de\/?page_id=252\"><img loading=\"lazy\" decoding=\"async\" width=\"150\" height=\"150\" src=\"https:\/\/inheiden.de\/wp-content\/uploads\/2022\/10\/DSC01833_small-150x150.jpg\" alt=\"\" class=\"wp-image-244\"\/><\/a><figcaption class=\"wp-element-caption\"><strong>ehemals Gastst\u00e4tte &#8220;Zum Hindenburg&#8221;<\/strong><\/figcaption><\/figure>\n<\/div>\n\n<div class=\"wp-block-image\">\n<figure class=\"aligncenter size-thumbnail\"><img loading=\"lazy\" decoding=\"async\" width=\"150\" height=\"150\" src=\"https:\/\/inheiden.de\/wp-content\/uploads\/2022\/11\/Hof-Springborn-small-1-150x150.jpg\" alt=\"\" class=\"wp-image-299\"\/><figcaption class=\"wp-element-caption\"><strong>Hof Springborn<\/strong><\/figcaption><\/figure>\n<\/div>\n\n<div class=\"wp-block-image\">\n<figure class=\"aligncenter size-thumbnail\"><a href=\"https:\/\/inheiden.de\/?page_id=256\"><img loading=\"lazy\" decoding=\"async\" width=\"150\" height=\"150\" src=\"https:\/\/inheiden.de\/wp-content\/uploads\/2022\/11\/Hof-Bernshausen_small-1-150x150.jpg\" alt=\"\" class=\"wp-image-300\"\/><\/a><figcaption class=\"wp-element-caption\"><strong>Hof Bernshausen<\/strong><\/figcaption><\/figure>\n<\/div>\n\n<div class=\"wp-block-image\">\n<figure class=\"aligncenter size-thumbnail\"><a href=\"https:\/\/inheiden.de\/?page_id=290\"><img loading=\"lazy\" decoding=\"async\" width=\"150\" height=\"150\" src=\"https:\/\/inheiden.de\/wp-content\/uploads\/2022\/11\/Hof-Weiss_small-1-150x150.jpg\" alt=\"\" class=\"wp-image-301\"\/><\/a><figcaption class=\"wp-element-caption\"><strong>Hof Wei\u00df<\/strong><\/figcaption><\/figure>\n<\/div>\n\n<div class=\"wp-block-image\">\n<figure class=\"aligncenter size-thumbnail\"><a href=\"https:\/\/inheiden.de\/?page_id=282\"><img loading=\"lazy\" decoding=\"async\" width=\"150\" height=\"150\" src=\"https:\/\/inheiden.de\/wp-content\/uploads\/2022\/11\/Hof-Reitz_small-1-150x150.jpg\" alt=\"\" class=\"wp-image-302\"\/><\/a><figcaption class=\"wp-element-caption\"><strong>Hof Reitz<\/strong><\/figcaption><\/figure>\n<\/div>\n\n<div class=\"wp-block-image\">\n<figure class=\"aligncenter size-thumbnail\"><a href=\"https:\/\/inheiden.de\/?page_id=264\"><img loading=\"lazy\" decoding=\"async\" width=\"150\" height=\"150\" src=\"https:\/\/inheiden.de\/wp-content\/uploads\/2022\/11\/Hof-Doeffinger_small-1-150x150.jpg\" alt=\"\" class=\"wp-image-303\"\/><\/a><figcaption class=\"wp-element-caption\"><strong>Hof D\u00f6ffinger<\/strong><\/figcaption><\/figure>\n<\/div>\n\n<div class=\"wp-block-image\">\n<figure class=\"aligncenter size-thumbnail\"><a href=\"https:\/\/inheiden.de\/?page_id=278\"><img loading=\"lazy\" decoding=\"async\" width=\"150\" height=\"150\" src=\"https:\/\/inheiden.de\/wp-content\/uploads\/2022\/11\/AltesRathaus_small-1-150x150.jpg\" alt=\"\" class=\"wp-image-304\"\/><\/a><figcaption class=\"wp-element-caption\"><strong>Ehemaliges Rathaus<\/strong><\/figcaption><\/figure>\n<\/div>\n\n<div class=\"wp-block-image\">\n<figure class=\"aligncenter size-thumbnail\"><a href=\"https:\/\/inheiden.de\/?page_id=286\"><img loading=\"lazy\" decoding=\"async\" width=\"150\" height=\"150\" src=\"https:\/\/inheiden.de\/wp-content\/uploads\/2022\/11\/Hof-Reeb_small-1-150x150.jpg\" alt=\"\" class=\"wp-image-305\"\/><\/a><figcaption class=\"wp-element-caption\"><strong>Hof Reeb<\/strong><\/figcaption><\/figure>\n<\/div>\n\n<div class=\"wp-block-image\">\n<figure class=\"aligncenter size-thumbnail\"><a href=\"https:\/\/inheiden.de\/?page_id=260\"><img loading=\"lazy\" decoding=\"async\" width=\"150\" height=\"150\" src=\"https:\/\/inheiden.de\/wp-content\/uploads\/2022\/11\/Hof-Dietz-Schmidt_small-1-150x150.jpg\" alt=\"\" class=\"wp-image-306\"\/><\/a><figcaption class=\"wp-element-caption\"><strong>Hof Dietz Schmidt<\/strong><\/figcaption><\/figure>\n<\/div>","protected":false},"excerpt":{"rendered":"<p>Im Jahresverlauf unseres Jubil\u00e4umsjahr werden wir hier jeden Monat zus\u00e4tzliche Informationen zu den Kalenderbildern freischalten. Januar: Hof D\u00f6ffingerFebruar: Hof Bernshausen<\/p>\n","protected":false},"author":1,"featured_media":0,"parent":4,"menu_order":0,"comment_status":"closed","ping_status":"closed","template":"","meta":{"ngg_post_thumbnail":0,"footnotes":""},"class_list":["post-220","page","type-page","status-publish","hentry"],"_links":{"self":[{"href":"https:\/\/inheiden.de\/index.php?rest_route=\/wp\/v2\/pages\/220","targetHints":{"allow":["GET"]}}],"collection":[{"href":"https:\/\/inheiden.de\/index.php?rest_route=\/wp\/v2\/pages"}],"about":[{"href":"https:\/\/inheiden.de\/index.php?rest_route=\/wp\/v2\/types\/page"}],"author":[{"embeddable":true,"href":"https:\/\/inheiden.de\/index.php?rest_route=\/wp\/v2\/users\/1"}],"replies":[{"embeddable":true,"href":"https:\/\/inheiden.de\/index.php?rest_route=%2Fwp%2Fv2%2Fcomments&post=220"}],"version-history":[{"count":13,"href":"https:\/\/inheiden.de\/index.php?rest_route=\/wp\/v2\/pages\/220\/revisions"}],"predecessor-version":[{"id":486,"href":"https:\/\/inheiden.de\/index.php?rest_route=\/wp\/v2\/pages\/220\/revisions\/486"}],"up":[{"embeddable":true,"href":"https:\/\/inheiden.de\/index.php?rest_route=\/wp\/v2\/pages\/4"}],"wp:attachment":[{"href":"https:\/\/inheiden.de\/index.php?rest_route=%2Fwp%2Fv2%2Fmedia&parent=220"}],"curies":[{"name":"wp","href":"https:\/\/api.w.org\/{rel}","templated":true}]}}