{"id":246,"date":"2022-10-31T22:51:03","date_gmt":"2022-10-31T22:51:03","guid":{"rendered":"https:\/\/inheiden.de\/?page_id=246"},"modified":"2023-11-14T07:27:17","modified_gmt":"2023-11-14T07:27:17","slug":"grundschule-inheiden","status":"publish","type":"page","link":"https:\/\/inheiden.de\/?page_id=246","title":{"rendered":"Grundschule Inheiden"},"content":{"rendered":"\n<figure class=\"wp-block-image size-large\"><img loading=\"lazy\" decoding=\"async\" width=\"1024\" height=\"683\" src=\"https:\/\/inheiden.de\/wp-content\/uploads\/2022\/10\/DSC03437_small-1-1024x683.jpg\" alt=\"\" class=\"wp-image-247\" srcset=\"https:\/\/inheiden.de\/wp-content\/uploads\/2022\/10\/DSC03437_small-1-1024x683.jpg 1024w, https:\/\/inheiden.de\/wp-content\/uploads\/2022\/10\/DSC03437_small-1-300x200.jpg 300w, https:\/\/inheiden.de\/wp-content\/uploads\/2022\/10\/DSC03437_small-1-768x512.jpg 768w, https:\/\/inheiden.de\/wp-content\/uploads\/2022\/10\/DSC03437_small-1-1536x1024.jpg 1536w, https:\/\/inheiden.de\/wp-content\/uploads\/2022\/10\/DSC03437_small-1-2048x1365.jpg 2048w\" sizes=\"auto, (max-width: 1024px) 100vw, 1024px\" \/><figcaption class=\"wp-element-caption\">Die im Jahr 1953 er\u00f6ffnete Grundschule Inheiden<\/figcaption><\/figure>\n\n\n\n<p>Pavillonschule Inheiden<\/p>\n\n\n\n<p>Das Geb\u00e4ude steht Zum Sportplatz 5<\/p>\n\n\n\n<p>Durch den Zuzug von Heimatvertriebenen nach dem Ende des 2. Weltkrieges wuchs die Sch\u00fclerzahl in Inheiden derart an, dass die Schule dreiklassig werden musste. Daher diente der S\u00e4ngersaal der Gastwirtschaft Kuhl eine Zeitlang als Klassensaal. Im Jahr 1952 entschieden sich die Gemeindemitglieder unter dem damaligen B\u00fcrgermeister Richard Reitz dazu, ein neues Schulgeb\u00e4ude zu errichten. 1953 konnte die Pavillonschule im Wiesenweg (jetzt \u201eZum Sportplatz\u201c) in Betrieb genommen werden.<\/p>\n\n\n\n<p><em>Sie besa\u00df 2 Klassenr\u00e4ume, einen Werkraum und einen Raum f\u00fcr den \u201eSchulleiter\u201c, in dem auch die B\u00fccherei und die Lehrmittel untergebracht wurden. In den Kellerr\u00e4umen befanden sich Dusch- und Wannenb\u00e4der f\u00fcr die Bev\u00f6lkerung, die eifrig besucht wurden, denn in den meisten \u00e4lteren H\u00e4usern und Schulgeb\u00e4uden waren 1953 noch keine B\u00e4der eingebaut. Bis heute dient sie noch als Grundschule, w\u00e4hrend die \u00e4lteren Jahrg\u00e4nge seit 1966 die Mittelpunkt- bzw. heutige Gesamtschule in Hungen besuchen.<\/em><\/p>\n\n\n\n<p><em>(Quelle: Heimatbuch, Walter Schau\u00df )<\/em><\/p>\n\n\n\n<p>Zum 50-j\u00e4hrigen Jubil\u00e4um 2003 wurde das Schulgeb\u00e4ude vom Landkreis umfangreich saniert.<\/p>\n\n\n\n<p>Im Jahre 2011 wurde ein F\u00f6rder- und Betreuungsverein e.V. gegr\u00fcndet, sodass f\u00fcr alle Grundschulkinder die Betreuung vor und nach der Schule gew\u00e4hrleistet werden konnte. Daf\u00fcr wurden die Kellerr\u00e4ume, in denen sich bis dahin die R\u00e4ume des Jugendrotkreuzes Inheiden befanden, komplett umgebaut und zu Spiel- und Aufenthaltsr\u00e4umen f\u00fcr die Kinder umgestaltet.<\/p>\n\n\n\n<p>Noch heute werden die Sch\u00fcler und Sch\u00fclerinnen im 2-Klassen-System unterrichtet, 1. und 2. Klasse und 3. und 4. Klasse bilden eine Unterrichtseinheit.<\/p>\n\n\n<div class=\"wp-block-image\">\n<figure class=\"aligncenter size-full\"><img loading=\"lazy\" decoding=\"async\" width=\"185\" height=\"115\" src=\"https:\/\/inheiden.de\/wp-content\/uploads\/2023\/11\/image-6.png\" alt=\"\" class=\"wp-image-606\"\/><\/figure>\n<\/div>\n\n\n<p>Der erste Schuljahrgang der 1954 in der neuen Schule eingeschult wurde.<\/p>\n\n\n\n<p><strong>Von links nach rechts Namen von 1954:<\/strong><br>4. Reihe: Harry Zidek, Frau Benker, Renate Malzm\u00fcller, Marlies Fink, Karin Gei\u00dfler, Sieglinde Sack, Helga Eppelmann, Annemarie Riedel, Ilse Rupp, Christel Steidl, Ernst J\u00fcrgen Witzel,<br>3. Reihe: Raimund Schr\u00f6der, Achim M\u00fcnch, Wilfried Rupp, Karl-Wilhelm Junker<br>2. Reihe: Sieglinde Kehm, Edeltraud Pfeffer, Ilona Reitz, Erika Weil, Heiderose Lorenz, Eva Berghoff, Roswitha Arnold, Irene Seibert<br>1. Reihe: Gertrud Richter, Gerlinde Lorenz, Annelie Wolf<\/p>\n\n\n\n<figure class=\"wp-block-image size-large\"><img loading=\"lazy\" decoding=\"async\" width=\"635\" height=\"1024\" src=\"https:\/\/inheiden.de\/wp-content\/uploads\/2023\/11\/image-7-635x1024.png\" alt=\"\" class=\"wp-image-607\" srcset=\"https:\/\/inheiden.de\/wp-content\/uploads\/2023\/11\/image-7-635x1024.png 635w, https:\/\/inheiden.de\/wp-content\/uploads\/2023\/11\/image-7-186x300.png 186w, https:\/\/inheiden.de\/wp-content\/uploads\/2023\/11\/image-7-768x1239.png 768w, https:\/\/inheiden.de\/wp-content\/uploads\/2023\/11\/image-7.png 945w\" sizes=\"auto, (max-width: 635px) 100vw, 635px\" \/><\/figure>\n\n\n\n<figure class=\"wp-block-image size-large\"><img loading=\"lazy\" decoding=\"async\" width=\"742\" height=\"1024\" src=\"https:\/\/inheiden.de\/wp-content\/uploads\/2023\/11\/image-8-742x1024.png\" alt=\"\" class=\"wp-image-608\" srcset=\"https:\/\/inheiden.de\/wp-content\/uploads\/2023\/11\/image-8-742x1024.png 742w, https:\/\/inheiden.de\/wp-content\/uploads\/2023\/11\/image-8-217x300.png 217w, https:\/\/inheiden.de\/wp-content\/uploads\/2023\/11\/image-8-768x1061.png 768w, https:\/\/inheiden.de\/wp-content\/uploads\/2023\/11\/image-8.png 945w\" sizes=\"auto, (max-width: 742px) 100vw, 742px\" \/><\/figure>\n\n\n\n<figure class=\"wp-block-image size-full\"><img loading=\"lazy\" decoding=\"async\" width=\"945\" height=\"690\" src=\"https:\/\/inheiden.de\/wp-content\/uploads\/2023\/11\/image-9.png\" alt=\"\" class=\"wp-image-609\" srcset=\"https:\/\/inheiden.de\/wp-content\/uploads\/2023\/11\/image-9.png 945w, https:\/\/inheiden.de\/wp-content\/uploads\/2023\/11\/image-9-300x219.png 300w, https:\/\/inheiden.de\/wp-content\/uploads\/2023\/11\/image-9-768x561.png 768w\" sizes=\"auto, (max-width: 945px) 100vw, 945px\" \/><\/figure>\n\n\n\n<p>B\u00fcrgermeister Richard Reitz, legt die Schatulle aus Messing in der Grundstein (rechte Ecke) zusammen mit der Urkunde.<\/p>\n\n\n\n<figure class=\"wp-block-image size-large\"><img loading=\"lazy\" decoding=\"async\" width=\"783\" height=\"1024\" src=\"https:\/\/inheiden.de\/wp-content\/uploads\/2023\/11\/image-12-783x1024.png\" alt=\"\" class=\"wp-image-612\" srcset=\"https:\/\/inheiden.de\/wp-content\/uploads\/2023\/11\/image-12-783x1024.png 783w, https:\/\/inheiden.de\/wp-content\/uploads\/2023\/11\/image-12-229x300.png 229w, https:\/\/inheiden.de\/wp-content\/uploads\/2023\/11\/image-12-768x1004.png 768w, https:\/\/inheiden.de\/wp-content\/uploads\/2023\/11\/image-12.png 945w\" sizes=\"auto, (max-width: 783px) 100vw, 783px\" \/><\/figure>\n\n\n\n<figure class=\"wp-block-image size-large\"><img loading=\"lazy\" decoding=\"async\" width=\"666\" height=\"1024\" src=\"https:\/\/inheiden.de\/wp-content\/uploads\/2023\/11\/image-13-666x1024.png\" alt=\"\" class=\"wp-image-613\" srcset=\"https:\/\/inheiden.de\/wp-content\/uploads\/2023\/11\/image-13-666x1024.png 666w, https:\/\/inheiden.de\/wp-content\/uploads\/2023\/11\/image-13-195x300.png 195w, https:\/\/inheiden.de\/wp-content\/uploads\/2023\/11\/image-13-768x1181.png 768w, https:\/\/inheiden.de\/wp-content\/uploads\/2023\/11\/image-13.png 945w\" sizes=\"auto, (max-width: 666px) 100vw, 666px\" \/><\/figure>\n\n\n\n<figure class=\"wp-block-image size-large\"><img loading=\"lazy\" decoding=\"async\" width=\"794\" height=\"1024\" src=\"https:\/\/inheiden.de\/wp-content\/uploads\/2023\/11\/image-14-794x1024.png\" alt=\"\" class=\"wp-image-614\" srcset=\"https:\/\/inheiden.de\/wp-content\/uploads\/2023\/11\/image-14-794x1024.png 794w, https:\/\/inheiden.de\/wp-content\/uploads\/2023\/11\/image-14-233x300.png 233w, https:\/\/inheiden.de\/wp-content\/uploads\/2023\/11\/image-14-768x991.png 768w, https:\/\/inheiden.de\/wp-content\/uploads\/2023\/11\/image-14.png 945w\" sizes=\"auto, (max-width: 794px) 100vw, 794px\" \/><\/figure>\n\n\n\n<figure class=\"wp-block-image size-full\"><img loading=\"lazy\" decoding=\"async\" width=\"945\" height=\"778\" src=\"https:\/\/inheiden.de\/wp-content\/uploads\/2023\/11\/image-15.png\" alt=\"\" class=\"wp-image-615\" srcset=\"https:\/\/inheiden.de\/wp-content\/uploads\/2023\/11\/image-15.png 945w, https:\/\/inheiden.de\/wp-content\/uploads\/2023\/11\/image-15-300x247.png 300w, https:\/\/inheiden.de\/wp-content\/uploads\/2023\/11\/image-15-768x632.png 768w\" sizes=\"auto, (max-width: 945px) 100vw, 945px\" \/><\/figure>\n\n\n\n<p>Zeitungsausschnitt zum Richtfest<\/p>\n\n\n\n<p>(Quelle: Theodor Martin)<\/p>\n\n\n\n<figure class=\"wp-block-image size-large\"><img loading=\"lazy\" decoding=\"async\" width=\"705\" height=\"1024\" src=\"https:\/\/inheiden.de\/wp-content\/uploads\/2023\/11\/image-16-705x1024.png\" alt=\"\" class=\"wp-image-616\" srcset=\"https:\/\/inheiden.de\/wp-content\/uploads\/2023\/11\/image-16-705x1024.png 705w, https:\/\/inheiden.de\/wp-content\/uploads\/2023\/11\/image-16-207x300.png 207w, https:\/\/inheiden.de\/wp-content\/uploads\/2023\/11\/image-16-768x1115.png 768w, https:\/\/inheiden.de\/wp-content\/uploads\/2023\/11\/image-16.png 945w\" sizes=\"auto, (max-width: 705px) 100vw, 705px\" \/><\/figure>\n\n\n\n<figure class=\"wp-block-image size-full\"><img loading=\"lazy\" decoding=\"async\" width=\"945\" height=\"619\" src=\"https:\/\/inheiden.de\/wp-content\/uploads\/2023\/11\/image-17.png\" alt=\"\" class=\"wp-image-617\" srcset=\"https:\/\/inheiden.de\/wp-content\/uploads\/2023\/11\/image-17.png 945w, https:\/\/inheiden.de\/wp-content\/uploads\/2023\/11\/image-17-300x197.png 300w, https:\/\/inheiden.de\/wp-content\/uploads\/2023\/11\/image-17-768x503.png 768w\" sizes=\"auto, (max-width: 945px) 100vw, 945px\" \/><\/figure>\n\n\n\n<p>Gedicht und Bild zum Richtfest von dem Sch\u00fcler Rolf-Reiner Kuhl<\/p>\n\n\n\n<figure class=\"wp-block-image size-full\"><img loading=\"lazy\" decoding=\"async\" width=\"945\" height=\"654\" src=\"https:\/\/inheiden.de\/wp-content\/uploads\/2023\/11\/image-18.png\" alt=\"\" class=\"wp-image-618\" srcset=\"https:\/\/inheiden.de\/wp-content\/uploads\/2023\/11\/image-18.png 945w, https:\/\/inheiden.de\/wp-content\/uploads\/2023\/11\/image-18-300x208.png 300w, https:\/\/inheiden.de\/wp-content\/uploads\/2023\/11\/image-18-768x532.png 768w\" sizes=\"auto, (max-width: 945px) 100vw, 945px\" \/><\/figure>\n\n\n\n<figure class=\"wp-block-image size-large\"><img loading=\"lazy\" decoding=\"async\" width=\"894\" height=\"1024\" src=\"https:\/\/inheiden.de\/wp-content\/uploads\/2023\/11\/image-19-894x1024.png\" alt=\"\" class=\"wp-image-619\" srcset=\"https:\/\/inheiden.de\/wp-content\/uploads\/2023\/11\/image-19-894x1024.png 894w, https:\/\/inheiden.de\/wp-content\/uploads\/2023\/11\/image-19-262x300.png 262w, https:\/\/inheiden.de\/wp-content\/uploads\/2023\/11\/image-19-768x879.png 768w, https:\/\/inheiden.de\/wp-content\/uploads\/2023\/11\/image-19.png 945w\" sizes=\"auto, (max-width: 894px) 100vw, 894px\" \/><\/figure>\n\n\n\n<p>(Bilder und Texte aus: Unser Heimatbuch )<\/p>\n","protected":false},"excerpt":{"rendered":"<p>Pavillonschule Inheiden Das Geb\u00e4ude steht Zum Sportplatz 5 Durch den Zuzug von Heimatvertriebenen nach dem Ende des 2. Weltkrieges wuchs die Sch\u00fclerzahl in Inheiden derart an, dass die Schule dreiklassig werden musste. Daher diente der S\u00e4ngersaal der Gastwirtschaft Kuhl eine Zeitlang als Klassensaal. Im Jahr 1952 entschieden sich die Gemeindemitglieder unter dem damaligen B\u00fcrgermeister Richard [&hellip;]<\/p>\n","protected":false},"author":1,"featured_media":0,"parent":0,"menu_order":0,"comment_status":"closed","ping_status":"closed","template":"","meta":{"ngg_post_thumbnail":0,"footnotes":""},"class_list":["post-246","page","type-page","status-publish","hentry"],"_links":{"self":[{"href":"https:\/\/inheiden.de\/index.php?rest_route=\/wp\/v2\/pages\/246","targetHints":{"allow":["GET"]}}],"collection":[{"href":"https:\/\/inheiden.de\/index.php?rest_route=\/wp\/v2\/pages"}],"about":[{"href":"https:\/\/inheiden.de\/index.php?rest_route=\/wp\/v2\/types\/page"}],"author":[{"embeddable":true,"href":"https:\/\/inheiden.de\/index.php?rest_route=\/wp\/v2\/users\/1"}],"replies":[{"embeddable":true,"href":"https:\/\/inheiden.de\/index.php?rest_route=%2Fwp%2Fv2%2Fcomments&post=246"}],"version-history":[{"count":2,"href":"https:\/\/inheiden.de\/index.php?rest_route=\/wp\/v2\/pages\/246\/revisions"}],"predecessor-version":[{"id":620,"href":"https:\/\/inheiden.de\/index.php?rest_route=\/wp\/v2\/pages\/246\/revisions\/620"}],"wp:attachment":[{"href":"https:\/\/inheiden.de\/index.php?rest_route=%2Fwp%2Fv2%2Fmedia&parent=246"}],"curies":[{"name":"wp","href":"https:\/\/api.w.org\/{rel}","templated":true}]}}