{"id":256,"date":"2022-11-01T12:15:33","date_gmt":"2022-11-01T12:15:33","guid":{"rendered":"https:\/\/inheiden.de\/?page_id=256"},"modified":"2023-02-10T16:36:14","modified_gmt":"2023-02-10T16:36:14","slug":"hof-bernshausen","status":"publish","type":"page","link":"https:\/\/inheiden.de\/?page_id=256","title":{"rendered":"Hof Bernshausen"},"content":{"rendered":"\n<figure class=\"wp-block-image size-large\"><img loading=\"lazy\" decoding=\"async\" width=\"1024\" height=\"682\" src=\"https:\/\/inheiden.de\/wp-content\/uploads\/2022\/11\/Hof-Bernshausen_small-1024x682.jpg\" alt=\"\" class=\"wp-image-257\" srcset=\"https:\/\/inheiden.de\/wp-content\/uploads\/2022\/11\/Hof-Bernshausen_small-1024x682.jpg 1024w, https:\/\/inheiden.de\/wp-content\/uploads\/2022\/11\/Hof-Bernshausen_small-300x200.jpg 300w, https:\/\/inheiden.de\/wp-content\/uploads\/2022\/11\/Hof-Bernshausen_small-768x512.jpg 768w, https:\/\/inheiden.de\/wp-content\/uploads\/2022\/11\/Hof-Bernshausen_small-1536x1024.jpg 1536w, https:\/\/inheiden.de\/wp-content\/uploads\/2022\/11\/Hof-Bernshausen_small-2048x1365.jpg 2048w\" sizes=\"auto, (max-width: 1024px) 100vw, 1024px\" \/><figcaption class=\"wp-element-caption\">Hof Bernshausen<\/figcaption><\/figure>\n\n\n\n<p><strong>Februar<\/strong><\/p>\n\n\n\n<p>Haus Familie Bernshausen<br>Das Haus steht im Holzbr\u00fcckenweg 3.<\/p>\n\n\n\n<figure class=\"wp-block-image size-full\"><img loading=\"lazy\" decoding=\"async\" width=\"125\" height=\"175\" src=\"https:\/\/inheiden.de\/wp-content\/uploads\/2023\/02\/image.png\" alt=\"\" class=\"wp-image-477\"\/><\/figure>\n\n\n\n<p>Haus von Familie Hermann Jakob 1911<br>Oben links: Ludwig Wilhelm Jakob, oben rechts: seine Ehefrau Juliana Jakob geb. Raab<br>Unten links: Pauline Jakob geb. M\u00fcller mit Kindern Arthur und Ottilie<br>Unten rechts: Hermann Jakob<br>Vor dem Zaun: Marie Kuhl geb. Jakob<\/p>\n\n\n\n<figure class=\"wp-block-image size-full\"><img loading=\"lazy\" decoding=\"async\" width=\"110\" height=\"180\" src=\"https:\/\/inheiden.de\/wp-content\/uploads\/2023\/02\/image-1.png\" alt=\"\" class=\"wp-image-479\"\/><\/figure>\n\n\n\n<p>Haus Familie Bernshausen 1948<br>Oben: Gretel Eisenacher<br>Unten: Hermann, Ottilie und Rosemarie Junker<\/p>\n\n\n\n<p><strong>Anwesen in Inheiden, Holzbr\u00fcckenweg 3<\/strong><\/p>\n\n\n\n<p><em>Zur der Zeit Friedrich des Gro\u00dfen (1712-1786) erblickte der erste nachweisbare Vorfahre der Familie Jakob in Inheiden -Johannes Jakob &#8211; das Licht der Welt. Sein Geburtshaus stand in dem heutigen Anwesen des Gerhard Reitz, Seestra\u00dfe 30 in Inheiden.<\/em> <em>Er war von Beruf Maurermeister und lernte auf der Wanderschaft als Handwerksbursche seine Frau kennen, die aus Nidda-Kohden stammte.<\/em> <em>Aus dieser Verbindung stammte der Maurermeister Johann Heinrich Jakob, geboren am 27.10.1791, der ebenfalls eine Frau aus Kohden heiratete.<\/em> <em>Die beiden S\u00f6hne aus dieser Ehe bildeten die beiden Hauptahnen zu den H\u00e4usern in der heutigen Stefan-Kuhn-Stra\u00dfe 11 und dem Holzbr\u00fcckenweg 3, fr\u00fcher Blumenstra\u00dfe.<\/em><br><em>Quelle: Ludwig Kuhl<\/em><\/p>\n\n\n\n<p>Das Anwesen im Holzbr\u00fcckenweg 3 wurde vermutlich einige Zeit vor dem Jahr 1754 erbaut. Das Geb\u00e4ude ist bereits auf einem alten Ortsplan aus diesem Jahr eingezeichnet. Allerdings ist der genaue Zeitpunkt der Erbauung nicht zur\u00fcckzuverfolgen. Bekannt ist, dass Ludwig Wilhelm Jakob, geboren am 11.06.1816, nach der Heirat mit Katharina Margarethe Albus in deren Elternhaus im heutigen Holzbr\u00fcckenweg 3 zog. Aus dieser Ehe gingen f\u00fcnf Kinder hervor. Das dritte Kind der beiden &#8211; Ludwig Jakob (geb. 1846) &#8211; war von Beruf Landwirt und Schneider. Er heiratet Juliana Raab und bewohnte mit ihr das Elternhaus im Holzbr\u00fcckenweg. Aus dieser Ehe gingen drei Kinder hervor: Maria (geb. 1869), Wilhelm (geb. 1872) und Hermann (geb. 1881).<br>Der Dorfname \u201eSchneiders-Haus\u201c bezieht sich noch heute auf den Beruf von Ludwig Jakob als Schneider.<br>Der j\u00fcngste Sohn Hermann Jakob erlernte den Beruf des Metzgermeisters und blieb auch nach der Heirat mit Pauline M\u00fcller aus Bellersheim im Elternhaus wohnen.<br>Aus dieser Ehe gingen ebenfalls drei Kinder hervor: Arthur &#8211; \u00fcbernahm um 1940 die Gasst\u00e4tte \u201eZum Hindenburg\u201c, &#8211; Erna und Ottilie.<\/p>\n\n\n\n<figure class=\"wp-block-image size-full is-resized\"><img loading=\"lazy\" decoding=\"async\" src=\"https:\/\/inheiden.de\/wp-content\/uploads\/2023\/02\/image-2.png\" alt=\"\" class=\"wp-image-480\" width=\"230\" height=\"400\" srcset=\"https:\/\/inheiden.de\/wp-content\/uploads\/2023\/02\/image-2.png 230w, https:\/\/inheiden.de\/wp-content\/uploads\/2023\/02\/image-2-173x300.png 173w\" sizes=\"auto, (max-width: 230px) 100vw, 230px\" \/><\/figure>\n\n\n\n<p>Arthur und seine Schwester Ottilie um 1913<\/p>\n\n\n\n<p>Das Anwesen befindet sich heute noch im Familienbesitz und wird von Rosemarie Bernshausen, Tochter von Ottilie, und deren Sohn Frank mit Kindern bewohnt.<\/p>\n\n\n<div class=\"wp-block-image\">\n<figure class=\"alignleft size-full\"><img loading=\"lazy\" decoding=\"async\" width=\"521\" height=\"667\" src=\"https:\/\/inheiden.de\/wp-content\/uploads\/2023\/02\/image-3.png\" alt=\"\" class=\"wp-image-481\" srcset=\"https:\/\/inheiden.de\/wp-content\/uploads\/2023\/02\/image-3.png 521w, https:\/\/inheiden.de\/wp-content\/uploads\/2023\/02\/image-3-234x300.png 234w\" sizes=\"auto, (max-width: 521px) 100vw, 521px\" \/><figcaption class=\"wp-element-caption\">Ansicht 1941<\/figcaption><\/figure>\n<\/div>\n\n<div class=\"wp-block-image\">\n<figure class=\"alignleft size-full is-resized\"><img loading=\"lazy\" decoding=\"async\" src=\"https:\/\/inheiden.de\/wp-content\/uploads\/2023\/02\/image-4.png\" alt=\"\" class=\"wp-image-482\" width=\"518\" height=\"381\" srcset=\"https:\/\/inheiden.de\/wp-content\/uploads\/2023\/02\/image-4.png 546w, https:\/\/inheiden.de\/wp-content\/uploads\/2023\/02\/image-4-300x221.png 300w\" sizes=\"auto, (max-width: 518px) 100vw, 518px\" \/><figcaption class=\"wp-element-caption\">Ansicht 1975<\/figcaption><\/figure>\n<\/div>\n\n\n<p><\/p>\n\n\n\n<figure class=\"wp-block-image size-full\"><img loading=\"lazy\" decoding=\"async\" width=\"403\" height=\"639\" src=\"https:\/\/inheiden.de\/wp-content\/uploads\/2023\/02\/image-5.png\" alt=\"\" class=\"wp-image-483\" srcset=\"https:\/\/inheiden.de\/wp-content\/uploads\/2023\/02\/image-5.png 403w, https:\/\/inheiden.de\/wp-content\/uploads\/2023\/02\/image-5-189x300.png 189w\" sizes=\"auto, (max-width: 403px) 100vw, 403px\" \/><\/figure>\n\n\n\n<p>Das Haus besitzt eine unter Denkmalschutz stehende, barocke Toranlage aus Sandstein.<br>Auf dem Torbogen ist das Jahr 1793 eingemei\u00dfelt. Im Jahr 1987 wurde das Fachwerk durch Frank Bernshausen freigelegt.<\/p>\n\n\n\n<p><strong>Erbfolge des Anwesens Holzbr\u00fcckenweg 3 in Inheiden<\/strong><\/p>\n\n\n\n<p>Das Anwesen Holzbr\u00fcckenweg 3 befindet sich seit Generationen im Familienbesitz.<br>Nachfolgend die Erbfolge bis zu den heutigen Bewohnern\/Besitzern:<br>Erbaut vor dem Jahr 1753 von Johannes Jakob geboren zur Zeit Friedrich des Gro\u00dfen (1712-1786),<br>von Beruf Maurermeister<br>&#8211; Sohn Johann Heinrich Jakob geboren am 27.10.1791, von Beruf Maurermeister<br>&#8211; Sohn Ludwig Wilhelm Jakob geboren am 11.06.1816, Maurer und Tagel\u00f6hner<br>&#8211; Sohn Ludwig Jakob geboren am 22.08.1846, von Beruf Schneidermeister \u2013 daher der<br>Dorfname \u201eSchneiders Haus\u201c<br>&#8211; Sohn Hermann Jakob geboren um 1880, von Beruf Metzgermeister<br>&#8211; Tochter Ottilie Jakob geboren 1910 (Bruder Arthur Jakob, Schwester Erna Jakob \u2013 Gastst\u00e4tte Zum Hindenburg)<br>&#8211; Tochter Rosemarie Bernshausen, geborene Junker<br>&#8211; Sohn Frank Bernshausen<br>&#8211; Tochter Leonie Bernshausen<br>(Fotos: Rosemarie Bernshausen)<\/p>\n","protected":false},"excerpt":{"rendered":"<p>Februar Haus Familie BernshausenDas Haus steht im Holzbr\u00fcckenweg 3. Haus von Familie Hermann Jakob 1911Oben links: Ludwig Wilhelm Jakob, oben rechts: seine Ehefrau Juliana Jakob geb. RaabUnten links: Pauline Jakob geb. M\u00fcller mit Kindern Arthur und OttilieUnten rechts: Hermann JakobVor dem Zaun: Marie Kuhl geb. Jakob Haus Familie Bernshausen 1948Oben: Gretel EisenacherUnten: Hermann, Ottilie und [&hellip;]<\/p>\n","protected":false},"author":1,"featured_media":0,"parent":0,"menu_order":0,"comment_status":"closed","ping_status":"closed","template":"","meta":{"ngg_post_thumbnail":0,"footnotes":""},"class_list":["post-256","page","type-page","status-publish","hentry"],"_links":{"self":[{"href":"https:\/\/inheiden.de\/index.php?rest_route=\/wp\/v2\/pages\/256","targetHints":{"allow":["GET"]}}],"collection":[{"href":"https:\/\/inheiden.de\/index.php?rest_route=\/wp\/v2\/pages"}],"about":[{"href":"https:\/\/inheiden.de\/index.php?rest_route=\/wp\/v2\/types\/page"}],"author":[{"embeddable":true,"href":"https:\/\/inheiden.de\/index.php?rest_route=\/wp\/v2\/users\/1"}],"replies":[{"embeddable":true,"href":"https:\/\/inheiden.de\/index.php?rest_route=%2Fwp%2Fv2%2Fcomments&post=256"}],"version-history":[{"count":2,"href":"https:\/\/inheiden.de\/index.php?rest_route=\/wp\/v2\/pages\/256\/revisions"}],"predecessor-version":[{"id":484,"href":"https:\/\/inheiden.de\/index.php?rest_route=\/wp\/v2\/pages\/256\/revisions\/484"}],"wp:attachment":[{"href":"https:\/\/inheiden.de\/index.php?rest_route=%2Fwp%2Fv2%2Fmedia&parent=256"}],"curies":[{"name":"wp","href":"https:\/\/api.w.org\/{rel}","templated":true}]}}