{"id":260,"date":"2022-11-01T12:23:05","date_gmt":"2022-11-01T12:23:05","guid":{"rendered":"https:\/\/inheiden.de\/?page_id=260"},"modified":"2023-07-02T10:17:28","modified_gmt":"2023-07-02T10:17:28","slug":"hofgut-dietz-schmidt","status":"publish","type":"page","link":"https:\/\/inheiden.de\/?page_id=260","title":{"rendered":"Hofgut Dietz &#038; Schmidt"},"content":{"rendered":"\n<figure class=\"wp-block-image size-large\"><img loading=\"lazy\" decoding=\"async\" width=\"1024\" height=\"683\" src=\"https:\/\/inheiden.de\/wp-content\/uploads\/2022\/11\/Hof-Dietz-Schmidt_small-1024x683.jpg\" alt=\"\" class=\"wp-image-261\" srcset=\"https:\/\/inheiden.de\/wp-content\/uploads\/2022\/11\/Hof-Dietz-Schmidt_small-1024x683.jpg 1024w, https:\/\/inheiden.de\/wp-content\/uploads\/2022\/11\/Hof-Dietz-Schmidt_small-300x200.jpg 300w, https:\/\/inheiden.de\/wp-content\/uploads\/2022\/11\/Hof-Dietz-Schmidt_small-768x512.jpg 768w, https:\/\/inheiden.de\/wp-content\/uploads\/2022\/11\/Hof-Dietz-Schmidt_small-1536x1024.jpg 1536w, https:\/\/inheiden.de\/wp-content\/uploads\/2022\/11\/Hof-Dietz-Schmidt_small-2048x1365.jpg 2048w\" sizes=\"auto, (max-width: 1024px) 100vw, 1024px\" \/><figcaption class=\"wp-element-caption\"><strong> Hofgut Dietz und Schmidt<\/strong><\/figcaption><\/figure>\n\n\n\n<p><\/p>\n\n\n\n<figure class=\"wp-block-image size-full is-resized\"><img loading=\"lazy\" decoding=\"async\" src=\"https:\/\/inheiden.de\/wp-content\/uploads\/2023\/07\/image.png\" alt=\"\" class=\"wp-image-548\" width=\"476\" height=\"307\"\/><\/figure>\n\n\n\n<p><\/p>\n\n\n\n<p>Das Bild entstand vermutlich 1912 anl\u00e4sslich des 35- j\u00e4hrigen Stiftungsfestes des Gesangvereins Eintracht Inheiden.<\/p>\n\n\n\n<p>Es zeigt links den Keltereibesitzer und Landwirt Rudolf Henckel (1880- 1947) und dessen Ehefrau Auguste.<\/p>\n\n\n\n<p>Mit Schirm: Riedm\u00fcller Wilhelm Stoll. Der Ursprung des Geb\u00e4udekomplexes geht auf das Jahr 1669 zur\u00fcck.\u00a0 Dies ist auf eine Inschrift eines Balkens zur\u00fcckzuf\u00fchren, den man beim Umbau des Hauses gefunden hat.<br>1836 wurde das Anwesen von Georg Konrad Henckel (Ururgro\u00dfvater von Margarete Dietz) erworben.<br>Es diente lange als Rastst\u00e4tte, Haltestelle und Pferdewechselstation f\u00fcr Reisende. Daher stammt auch der Dorfname \u201eHirwer\u201c f\u00fcr Herberge.<br>B\u00fcrgermeister Georg Konrad Henckel betrieb dort von 1846 &#8211; 1876 eine Ziegelei.<br>Dessen Sohn Karl Martin Henckel stellte die Ziegelei ein und betrieb anschlie\u00dfend eine Kelterei.<br>Der letzte Betriebsinhaber aus der \u201eHenckelschen\u201c Linie war der Landwirt Rudolf Henckel, dessen einziger Sohn und Hofnachfolger im zweiten Weltkrieg gefallen ist. Nach dem Tod von Rudolf Henckel verwaltete seine Witwe Auguste das Anwesen bis ihre Enkelin Margarete alt genug war, um den gro\u00dfelterlichen Betrieb zu \u00fcbernehmen.<\/p>\n\n\n\n<p>Anfang 1956 wurde das alte Wohnhaus, das bauf\u00e4llig war, abgerissen.<br>Es wurde noch im selben Jahr wieder aufgebaut. Die Hochzeit von Margarete und Richard Dietz, der aus der damaligen Mittelgasse in Inheiden stammte, konnte daher am 15.Dezember 1956 schon wieder in den neuen R\u00e4umen gefeiert werden. Auf dem Hof wurde bis zur Rente von Richard Dietz Landwirtschaft betrieben. Noch heute wird das Anwesen von Margarete Dietz und ihren Kindern und Enkeln bewohnt.<\/p>\n","protected":false},"excerpt":{"rendered":"<p>Das Bild entstand vermutlich 1912 anl\u00e4sslich des 35- j\u00e4hrigen Stiftungsfestes des Gesangvereins Eintracht Inheiden. Es zeigt links den Keltereibesitzer und Landwirt Rudolf Henckel (1880- 1947) und dessen Ehefrau Auguste. Mit Schirm: Riedm\u00fcller Wilhelm Stoll. Der Ursprung des Geb\u00e4udekomplexes geht auf das Jahr 1669 zur\u00fcck.\u00a0 Dies ist auf eine Inschrift eines Balkens zur\u00fcckzuf\u00fchren, den man beim [&hellip;]<\/p>\n","protected":false},"author":1,"featured_media":0,"parent":0,"menu_order":0,"comment_status":"closed","ping_status":"closed","template":"","meta":{"ngg_post_thumbnail":0,"footnotes":""},"class_list":["post-260","page","type-page","status-publish","hentry"],"_links":{"self":[{"href":"https:\/\/inheiden.de\/index.php?rest_route=\/wp\/v2\/pages\/260","targetHints":{"allow":["GET"]}}],"collection":[{"href":"https:\/\/inheiden.de\/index.php?rest_route=\/wp\/v2\/pages"}],"about":[{"href":"https:\/\/inheiden.de\/index.php?rest_route=\/wp\/v2\/types\/page"}],"author":[{"embeddable":true,"href":"https:\/\/inheiden.de\/index.php?rest_route=\/wp\/v2\/users\/1"}],"replies":[{"embeddable":true,"href":"https:\/\/inheiden.de\/index.php?rest_route=%2Fwp%2Fv2%2Fcomments&post=260"}],"version-history":[{"count":2,"href":"https:\/\/inheiden.de\/index.php?rest_route=\/wp\/v2\/pages\/260\/revisions"}],"predecessor-version":[{"id":549,"href":"https:\/\/inheiden.de\/index.php?rest_route=\/wp\/v2\/pages\/260\/revisions\/549"}],"wp:attachment":[{"href":"https:\/\/inheiden.de\/index.php?rest_route=%2Fwp%2Fv2%2Fmedia&parent=260"}],"curies":[{"name":"wp","href":"https:\/\/api.w.org\/{rel}","templated":true}]}}