{"id":278,"date":"2022-11-01T12:42:01","date_gmt":"2022-11-01T12:42:01","guid":{"rendered":"https:\/\/inheiden.de\/?page_id=278"},"modified":"2023-07-31T17:27:39","modified_gmt":"2023-07-31T17:27:39","slug":"altes-rathaus","status":"publish","type":"page","link":"https:\/\/inheiden.de\/?page_id=278","title":{"rendered":"Altes Rathaus"},"content":{"rendered":"\n<figure class=\"wp-block-image size-large\"><img loading=\"lazy\" decoding=\"async\" width=\"1024\" height=\"683\" src=\"https:\/\/inheiden.de\/wp-content\/uploads\/2022\/11\/AltesRathaus_small-1024x683.jpg\" alt=\"\" class=\"wp-image-279\" srcset=\"https:\/\/inheiden.de\/wp-content\/uploads\/2022\/11\/AltesRathaus_small-1024x683.jpg 1024w, https:\/\/inheiden.de\/wp-content\/uploads\/2022\/11\/AltesRathaus_small-300x200.jpg 300w, https:\/\/inheiden.de\/wp-content\/uploads\/2022\/11\/AltesRathaus_small-768x512.jpg 768w, https:\/\/inheiden.de\/wp-content\/uploads\/2022\/11\/AltesRathaus_small-1536x1024.jpg 1536w, https:\/\/inheiden.de\/wp-content\/uploads\/2022\/11\/AltesRathaus_small-2048x1365.jpg 2048w\" sizes=\"auto, (max-width: 1024px) 100vw, 1024px\" \/><figcaption class=\"wp-element-caption\"><strong>Altes Rathaus<\/strong><\/figcaption><\/figure>\n\n\n\n<figure class=\"wp-block-image size-full\"><img loading=\"lazy\" decoding=\"async\" width=\"820\" height=\"594\" src=\"https:\/\/inheiden.de\/wp-content\/uploads\/2023\/07\/image-1.png\" alt=\"\" class=\"wp-image-552\" srcset=\"https:\/\/inheiden.de\/wp-content\/uploads\/2023\/07\/image-1.png 820w, https:\/\/inheiden.de\/wp-content\/uploads\/2023\/07\/image-1-300x217.png 300w, https:\/\/inheiden.de\/wp-content\/uploads\/2023\/07\/image-1-768x556.png 768w\" sizes=\"auto, (max-width: 820px) 100vw, 820px\" \/><\/figure>\n\n\n\n<p>Seestra\u00dfe damals noch Mittelgasse mit Schule 1907<\/p>\n\n\n\n<figure class=\"wp-block-image size-full\"><img loading=\"lazy\" decoding=\"async\" width=\"820\" height=\"526\" src=\"https:\/\/inheiden.de\/wp-content\/uploads\/2023\/07\/image-2.png\" alt=\"\" class=\"wp-image-553\" srcset=\"https:\/\/inheiden.de\/wp-content\/uploads\/2023\/07\/image-2.png 820w, https:\/\/inheiden.de\/wp-content\/uploads\/2023\/07\/image-2-300x192.png 300w, https:\/\/inheiden.de\/wp-content\/uploads\/2023\/07\/image-2-768x493.png 768w\" sizes=\"auto, (max-width: 820px) 100vw, 820px\" \/><\/figure>\n\n\n\n<p>Seestra\u00dfe damals noch Mittelgasse 1912 auf einer Postkarte<\/p>\n\n\n\n<p>1909 \u2013 1911 erhielt unsere Gemeinde w\u00e4hrend des Baues des Wasserwerks das Trinkwasser vom Wasserwerk Lauter, deren Leitung durch unseren Ort bis nach Bad Nauheim f\u00fchrt. Welche Erleichterung brachte der Wasserhahn in Haus und Hof!<br>1754 musste das Wasser noch laut \u00e4ltestem Dorfplan an f\u00fcnf Gemeindebrunnen gepumpt werden und mit dem Joch, an dem zwei Eimer hingen, in den Stall und Haus getragen werden. Im 19. Jahrhundert waren in den Hofreiten eigene Brunnen in T\u00e4tigkeit.<\/p>\n\n\n\n<p>Text: Festschrift 1952 von W. Schau\u00df<\/p>\n\n\n\n<figure class=\"wp-block-image size-full\"><img loading=\"lazy\" decoding=\"async\" width=\"873\" height=\"854\" src=\"https:\/\/inheiden.de\/wp-content\/uploads\/2023\/07\/image-3.png\" alt=\"\" class=\"wp-image-554\" srcset=\"https:\/\/inheiden.de\/wp-content\/uploads\/2023\/07\/image-3.png 873w, https:\/\/inheiden.de\/wp-content\/uploads\/2023\/07\/image-3-300x293.png 300w, https:\/\/inheiden.de\/wp-content\/uploads\/2023\/07\/image-3-768x751.png 768w\" sizes=\"auto, (max-width: 873px) 100vw, 873px\" \/><\/figure>\n\n\n\n<p>\u201eAbschied\u201c von der \u201eAlten Schule\u201c am 29.11.1953<\/p>\n\n\n\n<p>Ansprache von Lehrer W. Schau\u00df<\/p>\n\n\n\n<p>Die alte Schlegelpumpe steht noch.<\/p>\n\n\n\n<figure class=\"wp-block-image size-large\"><img loading=\"lazy\" decoding=\"async\" width=\"623\" height=\"1024\" src=\"https:\/\/inheiden.de\/wp-content\/uploads\/2023\/07\/image-4-623x1024.png\" alt=\"\" class=\"wp-image-555\" srcset=\"https:\/\/inheiden.de\/wp-content\/uploads\/2023\/07\/image-4-623x1024.png 623w, https:\/\/inheiden.de\/wp-content\/uploads\/2023\/07\/image-4-182x300.png 182w, https:\/\/inheiden.de\/wp-content\/uploads\/2023\/07\/image-4-768x1263.png 768w, https:\/\/inheiden.de\/wp-content\/uploads\/2023\/07\/image-4-934x1536.png 934w, https:\/\/inheiden.de\/wp-content\/uploads\/2023\/07\/image-4.png 945w\" sizes=\"auto, (max-width: 623px) 100vw, 623px\" \/><\/figure>\n\n\n\n<p>Als letzte Ma\u00dfnahme 1976 vor der Eingemeindung wurde die \u201eAlte Schule\u201c, in der die B\u00fcrgermeisterei der alten Gemeinde untergebracht war, renoviert, das alte Schult\u00fcrmchen neu geschiefert, die Turmuhr repariert und wieder in Gang gesetzt, so dass sie wie in alten Zeiten den B\u00fcrgern die Stunde schl\u00e4gt.<\/p>\n\n\n\n<p>Ein neuer moderner Springbrunnen als Symbol f\u00fcr die wasserreiche Gemeinde ziert an der Stelle des historischen Schulbrunnens aus der Zeit vor 1754 das alte Schulgeb\u00e4ude.<\/p>\n\n\n\n<p>Text: Festschrift 1952 W. Schau\u00df<\/p>\n\n\n\n<figure class=\"wp-block-image size-full\"><img loading=\"lazy\" decoding=\"async\" width=\"945\" height=\"1001\" src=\"https:\/\/inheiden.de\/wp-content\/uploads\/2023\/07\/image-5.png\" alt=\"\" class=\"wp-image-556\" srcset=\"https:\/\/inheiden.de\/wp-content\/uploads\/2023\/07\/image-5.png 945w, https:\/\/inheiden.de\/wp-content\/uploads\/2023\/07\/image-5-283x300.png 283w, https:\/\/inheiden.de\/wp-content\/uploads\/2023\/07\/image-5-768x814.png 768w\" sizes=\"auto, (max-width: 945px) 100vw, 945px\" \/><\/figure>\n\n\n\n<p>2013 wurde der Brunnen vor der \u201eAlten B\u00fcrgermeisterei\u201c erneuert.<\/p>\n\n\n\n<p>Es wurde eine neue Wasserleitung verlegt, die alte Schlegelpumpe wieder aktiviert und der Vorplatz neu gestaltet.<\/p>\n\n\n\n<figure class=\"wp-block-image size-large\"><img loading=\"lazy\" decoding=\"async\" width=\"794\" height=\"1024\" src=\"https:\/\/inheiden.de\/wp-content\/uploads\/2023\/07\/image-6-794x1024.png\" alt=\"\" class=\"wp-image-557\" srcset=\"https:\/\/inheiden.de\/wp-content\/uploads\/2023\/07\/image-6-794x1024.png 794w, https:\/\/inheiden.de\/wp-content\/uploads\/2023\/07\/image-6-233x300.png 233w, https:\/\/inheiden.de\/wp-content\/uploads\/2023\/07\/image-6-768x991.png 768w, https:\/\/inheiden.de\/wp-content\/uploads\/2023\/07\/image-6.png 945w\" sizes=\"auto, (max-width: 794px) 100vw, 794px\" \/><\/figure>\n\n\n\n<p>Foto: B\u00e4rbel Weil<\/p>\n\n\n\n<p>Zeitungsausschnitte zur 850 Jahr-Feier 1998:<\/p>\n\n\n\n<figure class=\"wp-block-image size-large\"><img loading=\"lazy\" decoding=\"async\" width=\"936\" height=\"1024\" src=\"https:\/\/inheiden.de\/wp-content\/uploads\/2023\/07\/image-7-936x1024.png\" alt=\"\" class=\"wp-image-558\" srcset=\"https:\/\/inheiden.de\/wp-content\/uploads\/2023\/07\/image-7-936x1024.png 936w, https:\/\/inheiden.de\/wp-content\/uploads\/2023\/07\/image-7-274x300.png 274w, https:\/\/inheiden.de\/wp-content\/uploads\/2023\/07\/image-7-768x840.png 768w, https:\/\/inheiden.de\/wp-content\/uploads\/2023\/07\/image-7.png 1016w\" sizes=\"auto, (max-width: 936px) 100vw, 936px\" \/><\/figure>\n\n\n\n<p>Und auch das Wiegeh\u00e4uschen wurde herausgeputzt:<\/p>\n\n\n\n<figure class=\"wp-block-image size-full\"><img loading=\"lazy\" decoding=\"async\" width=\"945\" height=\"1004\" src=\"https:\/\/inheiden.de\/wp-content\/uploads\/2023\/07\/image-8.png\" alt=\"\" class=\"wp-image-559\" srcset=\"https:\/\/inheiden.de\/wp-content\/uploads\/2023\/07\/image-8.png 945w, https:\/\/inheiden.de\/wp-content\/uploads\/2023\/07\/image-8-282x300.png 282w, https:\/\/inheiden.de\/wp-content\/uploads\/2023\/07\/image-8-768x816.png 768w\" sizes=\"auto, (max-width: 945px) 100vw, 945px\" \/><\/figure>\n","protected":false},"excerpt":{"rendered":"<p>Seestra\u00dfe damals noch Mittelgasse mit Schule 1907 Seestra\u00dfe damals noch Mittelgasse 1912 auf einer Postkarte 1909 \u2013 1911 erhielt unsere Gemeinde w\u00e4hrend des Baues des Wasserwerks das Trinkwasser vom Wasserwerk Lauter, deren Leitung durch unseren Ort bis nach Bad Nauheim f\u00fchrt. Welche Erleichterung brachte der Wasserhahn in Haus und Hof!1754 musste das Wasser noch laut [&hellip;]<\/p>\n","protected":false},"author":1,"featured_media":0,"parent":0,"menu_order":0,"comment_status":"closed","ping_status":"closed","template":"","meta":{"ngg_post_thumbnail":0,"footnotes":""},"class_list":["post-278","page","type-page","status-publish","hentry"],"_links":{"self":[{"href":"https:\/\/inheiden.de\/index.php?rest_route=\/wp\/v2\/pages\/278","targetHints":{"allow":["GET"]}}],"collection":[{"href":"https:\/\/inheiden.de\/index.php?rest_route=\/wp\/v2\/pages"}],"about":[{"href":"https:\/\/inheiden.de\/index.php?rest_route=\/wp\/v2\/types\/page"}],"author":[{"embeddable":true,"href":"https:\/\/inheiden.de\/index.php?rest_route=\/wp\/v2\/users\/1"}],"replies":[{"embeddable":true,"href":"https:\/\/inheiden.de\/index.php?rest_route=%2Fwp%2Fv2%2Fcomments&post=278"}],"version-history":[{"count":2,"href":"https:\/\/inheiden.de\/index.php?rest_route=\/wp\/v2\/pages\/278\/revisions"}],"predecessor-version":[{"id":560,"href":"https:\/\/inheiden.de\/index.php?rest_route=\/wp\/v2\/pages\/278\/revisions\/560"}],"wp:attachment":[{"href":"https:\/\/inheiden.de\/index.php?rest_route=%2Fwp%2Fv2%2Fmedia&parent=278"}],"curies":[{"name":"wp","href":"https:\/\/api.w.org\/{rel}","templated":true}]}}