{"id":286,"date":"2022-11-01T12:48:18","date_gmt":"2022-11-01T12:48:18","guid":{"rendered":"https:\/\/inheiden.de\/?page_id=286"},"modified":"2023-11-14T07:38:43","modified_gmt":"2023-11-14T07:38:43","slug":"hof-reeb","status":"publish","type":"page","link":"https:\/\/inheiden.de\/?page_id=286","title":{"rendered":"Hof Reeb"},"content":{"rendered":"\n<figure class=\"wp-block-image size-large\"><img loading=\"lazy\" decoding=\"async\" width=\"1024\" height=\"678\" src=\"https:\/\/inheiden.de\/wp-content\/uploads\/2022\/11\/Hof-Reeb_small-1024x678.jpg\" alt=\"\" class=\"wp-image-287\" srcset=\"https:\/\/inheiden.de\/wp-content\/uploads\/2022\/11\/Hof-Reeb_small-1024x678.jpg 1024w, https:\/\/inheiden.de\/wp-content\/uploads\/2022\/11\/Hof-Reeb_small-300x198.jpg 300w, https:\/\/inheiden.de\/wp-content\/uploads\/2022\/11\/Hof-Reeb_small-768x508.jpg 768w, https:\/\/inheiden.de\/wp-content\/uploads\/2022\/11\/Hof-Reeb_small-1536x1016.jpg 1536w, https:\/\/inheiden.de\/wp-content\/uploads\/2022\/11\/Hof-Reeb_small-2048x1355.jpg 2048w\" sizes=\"auto, (max-width: 1024px) 100vw, 1024px\" \/><figcaption class=\"wp-element-caption\">Hof Reeb<\/figcaption><\/figure>\n\n\n\n<p>Haus der Familie Wolf\/M\u00fcll\/ Reeb.<\/p>\n\n\n\n<p>Das Haus steht Hinterm Turm 3.<\/p>\n\n\n\n<p>Das Haus wurde auf dem Stra\u00dfenplan von 1754 das erste Mal erw\u00e4hnt. Die damaligen Besitzer sind nicht bekannt. Vor der Sanierung des Hauses im Jahre 1938 durch Marie und Karl Wolf, stand das Haus viele Jahre leer. Nach der Gesch\u00e4ftsaufgabe des Gemischtwarenladens von Ottilie Schmidt (genannt Goda) im Jahr 1951 \/1952 in der Hintergasse, verlegte Marie Wolf das Ladengesch\u00e4ft ihrer Nachbarin in ihre eigenen vier W\u00e4nde. Anfangs wurde der Laden im kleinen Wohnzimmer betrieben. Nachdem der Anbau im Jahr 1954 fertig gestellt wurde, zog man in den nun viel gr\u00f6\u00dferen Verkaufsraum um. Hier konnte man der Kundschaft ein viel gr\u00f6\u00dferes Warensortiment anbieten. F\u00fcr die Enkelkinder von Marie Wolf war es immer das Gr\u00f6\u00dfte, wenn der Mann mit den S\u00fc\u00dfwarenangeboten kam. <br>Nach dem Tod von Karl Wolf, dem Ehemann von Marie Wolf, im Jahr 1970 wurde das Ladengesch\u00e4ft aufgegeben.<\/p>\n\n\n\n<p><em>Das Schaufenster des alten Gemischtwarenladens wurde erst durch ein normales Fenster ersetzt, nachdem ein Schlachtbulle bei der Metzgerei Jakob die Flucht ergriff und sich todesmutig in Richtung Schaufenster st\u00fcrzte.<\/em> <em>Wahrscheinlich konnte er aber trotzdem nicht seinem Schicksal entrinnen.<\/em><br><em>(Quelle: Simone M\u00fcll)<\/em><\/p>\n\n\n\n<figure class=\"wp-block-image size-full\"><img loading=\"lazy\" decoding=\"async\" width=\"342\" height=\"449\" src=\"https:\/\/inheiden.de\/wp-content\/uploads\/2023\/11\/image-20.png\" alt=\"\" class=\"wp-image-625\" srcset=\"https:\/\/inheiden.de\/wp-content\/uploads\/2023\/11\/image-20.png 342w, https:\/\/inheiden.de\/wp-content\/uploads\/2023\/11\/image-20-229x300.png 229w\" sizes=\"auto, (max-width: 342px) 100vw, 342px\" \/><\/figure>\n\n\n\n<p>So verbrachte man gerne seine Mittagspause.<\/p>\n\n\n\n<p>&nbsp;Von links: Hedwig Zinsheimer, Gretel M\u00fcll (aus Gambach) und Edeltraud Schmidt<\/p>\n\n\n\n<figure class=\"wp-block-image size-full\"><img loading=\"lazy\" decoding=\"async\" width=\"259\" height=\"368\" src=\"https:\/\/inheiden.de\/wp-content\/uploads\/2023\/11\/image-21.png\" alt=\"\" class=\"wp-image-626\" srcset=\"https:\/\/inheiden.de\/wp-content\/uploads\/2023\/11\/image-21.png 259w, https:\/\/inheiden.de\/wp-content\/uploads\/2023\/11\/image-21-211x300.png 211w\" sizes=\"auto, (max-width: 259px) 100vw, 259px\" \/><\/figure>\n\n\n\n<p>1993 wurde das Haus in der ehemaligen Hintergasse (jetzt Hinterm Turm) von Manfred M\u00fcll, dem Enkel von Marie Wolf, umgebaut. Er bewohnte das Elternhaus seiner Mutter Gisela M\u00fcll (geb. Wolf) bis zum Verkauf im Jahr 2002 mit seiner Familie.<br>Heute leben dort Antje und Thorsten Reeb.<\/p>\n","protected":false},"excerpt":{"rendered":"<p>Haus der Familie Wolf\/M\u00fcll\/ Reeb. Das Haus steht Hinterm Turm 3. Das Haus wurde auf dem Stra\u00dfenplan von 1754 das erste Mal erw\u00e4hnt. Die damaligen Besitzer sind nicht bekannt. Vor der Sanierung des Hauses im Jahre 1938 durch Marie und Karl Wolf, stand das Haus viele Jahre leer. Nach der Gesch\u00e4ftsaufgabe des Gemischtwarenladens von Ottilie [&hellip;]<\/p>\n","protected":false},"author":1,"featured_media":0,"parent":0,"menu_order":0,"comment_status":"closed","ping_status":"closed","template":"","meta":{"ngg_post_thumbnail":0,"footnotes":""},"class_list":["post-286","page","type-page","status-publish","hentry"],"_links":{"self":[{"href":"https:\/\/inheiden.de\/index.php?rest_route=\/wp\/v2\/pages\/286","targetHints":{"allow":["GET"]}}],"collection":[{"href":"https:\/\/inheiden.de\/index.php?rest_route=\/wp\/v2\/pages"}],"about":[{"href":"https:\/\/inheiden.de\/index.php?rest_route=\/wp\/v2\/types\/page"}],"author":[{"embeddable":true,"href":"https:\/\/inheiden.de\/index.php?rest_route=\/wp\/v2\/users\/1"}],"replies":[{"embeddable":true,"href":"https:\/\/inheiden.de\/index.php?rest_route=%2Fwp%2Fv2%2Fcomments&post=286"}],"version-history":[{"count":2,"href":"https:\/\/inheiden.de\/index.php?rest_route=\/wp\/v2\/pages\/286\/revisions"}],"predecessor-version":[{"id":627,"href":"https:\/\/inheiden.de\/index.php?rest_route=\/wp\/v2\/pages\/286\/revisions\/627"}],"wp:attachment":[{"href":"https:\/\/inheiden.de\/index.php?rest_route=%2Fwp%2Fv2%2Fmedia&parent=286"}],"curies":[{"name":"wp","href":"https:\/\/api.w.org\/{rel}","templated":true}]}}