{"id":290,"date":"2022-11-01T19:30:14","date_gmt":"2022-11-01T19:30:14","guid":{"rendered":"https:\/\/inheiden.de\/?page_id=290"},"modified":"2023-04-05T20:59:24","modified_gmt":"2023-04-05T20:59:24","slug":"hof-weiss","status":"publish","type":"page","link":"https:\/\/inheiden.de\/?page_id=290","title":{"rendered":"Hof Wei\u00df"},"content":{"rendered":"\n<figure class=\"wp-block-image size-large\"><img loading=\"lazy\" decoding=\"async\" width=\"1024\" height=\"683\" src=\"https:\/\/inheiden.de\/wp-content\/uploads\/2022\/11\/Hof-Weiss_small-1024x683.jpg\" alt=\"\" class=\"wp-image-291\" srcset=\"https:\/\/inheiden.de\/wp-content\/uploads\/2022\/11\/Hof-Weiss_small-1024x683.jpg 1024w, https:\/\/inheiden.de\/wp-content\/uploads\/2022\/11\/Hof-Weiss_small-300x200.jpg 300w, https:\/\/inheiden.de\/wp-content\/uploads\/2022\/11\/Hof-Weiss_small-768x512.jpg 768w, https:\/\/inheiden.de\/wp-content\/uploads\/2022\/11\/Hof-Weiss_small-1536x1025.jpg 1536w, https:\/\/inheiden.de\/wp-content\/uploads\/2022\/11\/Hof-Weiss_small-2048x1366.jpg 2048w\" sizes=\"auto, (max-width: 1024px) 100vw, 1024px\" \/><figcaption class=\"wp-element-caption\"><strong>Hof Wei\u00df<\/strong><\/figcaption><\/figure>\n\n\n\n<p><strong>Haus Familie Frank\/Wei\u00df<\/strong><\/p>\n\n\n\n<p>Das Haus steht in der Stefan-Kuhn-Str. 10<\/p>\n\n\n\n<p>Das Geb\u00e4ude wurde vermutlich um 1880 von Heinrich Frank (geb. 1844 in Rudingshain) und seiner Frau Christiane (geb. 1839 in Inheiden) erbaut.<\/p>\n\n\n\n<p>Heinrich Frank war der letzte Postkutscher in Inheiden. Er spannte morgens um 5 Uhr die Pferde an und fuhr nach Nieder-W\u00f6llstadt zur n\u00e4chsten Wechselstation. Unterwegs erledigte er Gesch\u00e4fte f\u00fcr die Inheidener Dorfbewohner. Jeden Abend um 22.00 Uhr k\u00fcndigte damals das Hornsignal die R\u00fcckkehr des Dorfkutschers an. Sp\u00e4ter war er neben der Landwirtschaft noch als Brennmeister in der Branntweinbrennerei Reitz im heutigen Anwesen D\u00f6ffinger t\u00e4tig.<\/p>\n\n\n\n<p>Der einzige Nachkomme aus der Verbindung zwischen Heinrich Frank und Christiane Frank (geb. Raab) war der Sohn Heinrich Frank (geb. 1874). Er erlernte auch den Beruf des Landwirts. Er ehelichte Emilie Frank (geb. Eckl) aus Steinheim. Sie bekamen zwei S\u00f6hne: Adolf Frank (geb. 1900) und Wilhelm Frank (geb. 1907, gefallen 1942 im 2. Weltkrieg). Adolf Frank war vor und nach den Kriegswirren im heimischen, landwirtschaftlichen Betrieb t\u00e4tig.<\/p>\n\n\n\n<p>Die Tochter von Adolf und Ottilie Frank (geb. Desch) \u2013 Hermine Frank heiratete 1948 Erich Wei\u00df aus Liederbach. Aus dieser Ehe gingen zwei Kinder hervor.<\/p>\n\n\n\n<p>Der Sohn Gerhard Wei\u00df f\u00fchrte den elterlichen, landwirtschaftlichen Betrieb in Inheiden bis zur Selbstst\u00e4ndigkeit fort. Das Anwesen ist heute noch in Familienbesitz und wird von Lutz Wei\u00df und seiner Frau Andrea bewohnt.<\/p>\n\n\n\n<figure class=\"wp-block-image size-full\"><img loading=\"lazy\" decoding=\"async\" width=\"990\" height=\"575\" src=\"https:\/\/inheiden.de\/wp-content\/uploads\/2023\/04\/image-1.png\" alt=\"\" class=\"wp-image-506\" srcset=\"https:\/\/inheiden.de\/wp-content\/uploads\/2023\/04\/image-1.png 990w, https:\/\/inheiden.de\/wp-content\/uploads\/2023\/04\/image-1-300x174.png 300w, https:\/\/inheiden.de\/wp-content\/uploads\/2023\/04\/image-1-768x446.png 768w\" sizes=\"auto, (max-width: 990px) 100vw, 990px\" \/><\/figure>\n\n\n\n<p>Wohnhaus der Familie Frank\/Wei\u00df im Jahr 1953.<br>Am Fenster steht Heinrich Frank mit Schwiegertochter Ottilie Frank.<br>Am Tor stehen Hermine und Erich Wei\u00df mit Sohn Gerhard und Wolfgang Fischer (aus Kempten).<\/p>\n\n\n\n<figure class=\"wp-block-image size-full\"><img loading=\"lazy\" decoding=\"async\" width=\"945\" height=\"531\" src=\"https:\/\/inheiden.de\/wp-content\/uploads\/2023\/04\/image-2.png\" alt=\"\" class=\"wp-image-507\" srcset=\"https:\/\/inheiden.de\/wp-content\/uploads\/2023\/04\/image-2.png 945w, https:\/\/inheiden.de\/wp-content\/uploads\/2023\/04\/image-2-300x169.png 300w, https:\/\/inheiden.de\/wp-content\/uploads\/2023\/04\/image-2-768x432.png 768w\" sizes=\"auto, (max-width: 945px) 100vw, 945px\" \/><\/figure>\n\n\n\n<p>Bis zum Beginn der Renovierungsarbeiten am Wohnhaus der Familie Frank\/Wei\u00df &#8211; mit dem Einbau von neuen Fenstern im Untergeschoss &#8211; im Jahr 1963, gab es keine gr\u00f6\u00dferen baulichen Ver\u00e4nderungen seit Erbauung des Geb\u00e4udes.<\/p>\n\n\n\n<p>Am Tor steht Hermine Wei\u00df<\/p>\n\n\n\n<figure class=\"wp-block-image size-full\"><img loading=\"lazy\" decoding=\"async\" width=\"503\" height=\"318\" src=\"https:\/\/inheiden.de\/wp-content\/uploads\/2023\/04\/image-3.png\" alt=\"\" class=\"wp-image-508\" srcset=\"https:\/\/inheiden.de\/wp-content\/uploads\/2023\/04\/image-3.png 503w, https:\/\/inheiden.de\/wp-content\/uploads\/2023\/04\/image-3-300x190.png 300w, https:\/\/inheiden.de\/wp-content\/uploads\/2023\/04\/image-3-200x125.png 200w\" sizes=\"auto, (max-width: 503px) 100vw, 503px\" \/><\/figure>\n\n\n\n<figure class=\"wp-block-image size-full\"><img loading=\"lazy\" decoding=\"async\" width=\"524\" height=\"318\" src=\"https:\/\/inheiden.de\/wp-content\/uploads\/2023\/04\/image-4.png\" alt=\"\" class=\"wp-image-509\" srcset=\"https:\/\/inheiden.de\/wp-content\/uploads\/2023\/04\/image-4.png 524w, https:\/\/inheiden.de\/wp-content\/uploads\/2023\/04\/image-4-300x182.png 300w\" sizes=\"auto, (max-width: 524px) 100vw, 524px\" \/><\/figure>\n\n\n\n<p>Blick vom ehemaligen Schulhof auf das Wohngeb\u00e4ude und die alten Stallungen<\/p>\n\n\n\n<p><\/p>\n\n\n\n<figure class=\"wp-block-image size-full\"><img loading=\"lazy\" decoding=\"async\" width=\"968\" height=\"409\" src=\"https:\/\/inheiden.de\/wp-content\/uploads\/2023\/04\/image-5.png\" alt=\"\" class=\"wp-image-510\" srcset=\"https:\/\/inheiden.de\/wp-content\/uploads\/2023\/04\/image-5.png 968w, https:\/\/inheiden.de\/wp-content\/uploads\/2023\/04\/image-5-300x127.png 300w, https:\/\/inheiden.de\/wp-content\/uploads\/2023\/04\/image-5-768x324.png 768w\" sizes=\"auto, (max-width: 968px) 100vw, 968px\" \/><\/figure>\n\n\n\n<p>Das Haus wurde zum Fensteraustausch im 1. Obergeschoss einger\u00fcstet.<\/p>\n\n\n\n<figure class=\"wp-block-image size-full\"><img loading=\"lazy\" decoding=\"async\" width=\"513\" height=\"639\" src=\"https:\/\/inheiden.de\/wp-content\/uploads\/2023\/04\/image-6.png\" alt=\"\" class=\"wp-image-511\" srcset=\"https:\/\/inheiden.de\/wp-content\/uploads\/2023\/04\/image-6.png 513w, https:\/\/inheiden.de\/wp-content\/uploads\/2023\/04\/image-6-241x300.png 241w\" sizes=\"auto, (max-width: 513px) 100vw, 513px\" \/><\/figure>\n\n\n\n<figure class=\"wp-block-image size-full\"><img loading=\"lazy\" decoding=\"async\" width=\"483\" height=\"639\" src=\"https:\/\/inheiden.de\/wp-content\/uploads\/2023\/04\/image-7.png\" alt=\"\" class=\"wp-image-512\" srcset=\"https:\/\/inheiden.de\/wp-content\/uploads\/2023\/04\/image-7.png 483w, https:\/\/inheiden.de\/wp-content\/uploads\/2023\/04\/image-7-227x300.png 227w\" sizes=\"auto, (max-width: 483px) 100vw, 483px\" \/><\/figure>\n\n\n\n<p>Die Wei\u00dfbinder der Firma Eller und die Zimmerleute sind am Werk, um dem Haus einen neuen Schliff zu geben.<\/p>\n\n\n\n<figure class=\"wp-block-image size-full\"><img loading=\"lazy\" decoding=\"async\" width=\"1011\" height=\"431\" src=\"https:\/\/inheiden.de\/wp-content\/uploads\/2023\/04\/image-8.png\" alt=\"\" class=\"wp-image-513\" srcset=\"https:\/\/inheiden.de\/wp-content\/uploads\/2023\/04\/image-8.png 1011w, https:\/\/inheiden.de\/wp-content\/uploads\/2023\/04\/image-8-300x128.png 300w, https:\/\/inheiden.de\/wp-content\/uploads\/2023\/04\/image-8-768x327.png 768w\" sizes=\"auto, (max-width: 1011px) 100vw, 1011px\" \/><\/figure>\n\n\n\n<p>Das Baumaterial wird mit dem damals noch nagelneuen Ferguson angeliefert.<\/p>\n\n\n\n<p>Auf dem Anh\u00e4nger stehen Hermine und Erich Wei\u00df.<\/p>\n\n\n\n<figure class=\"wp-block-image size-full\"><img loading=\"lazy\" decoding=\"async\" width=\"555\" height=\"700\" src=\"https:\/\/inheiden.de\/wp-content\/uploads\/2023\/04\/image-9.png\" alt=\"\" class=\"wp-image-514\" srcset=\"https:\/\/inheiden.de\/wp-content\/uploads\/2023\/04\/image-9.png 555w, https:\/\/inheiden.de\/wp-content\/uploads\/2023\/04\/image-9-238x300.png 238w\" sizes=\"auto, (max-width: 555px) 100vw, 555px\" \/><\/figure>\n\n\n\n<p>Blick auf die damalige Obergasse in Richtung Gastwirtschaft \u201eZum Hindenburg\u201c und dem Anwesen der Familie Dietz.<\/p>\n\n\n\n<figure class=\"wp-block-image size-full\"><img loading=\"lazy\" decoding=\"async\" width=\"1017\" height=\"537\" src=\"https:\/\/inheiden.de\/wp-content\/uploads\/2023\/04\/image-10.png\" alt=\"\" class=\"wp-image-515\" srcset=\"https:\/\/inheiden.de\/wp-content\/uploads\/2023\/04\/image-10.png 1017w, https:\/\/inheiden.de\/wp-content\/uploads\/2023\/04\/image-10-300x158.png 300w, https:\/\/inheiden.de\/wp-content\/uploads\/2023\/04\/image-10-768x406.png 768w\" sizes=\"auto, (max-width: 1017px) 100vw, 1017px\" \/><\/figure>\n\n\n\n<p>Bilder nach der Fertigstellung im Jahr 1964.<\/p>\n\n\n\n<p>Die W\u00e4nde sind noch feucht.<\/p>\n\n\n\n<figure class=\"wp-block-image size-full\"><img loading=\"lazy\" decoding=\"async\" width=\"534\" height=\"682\" src=\"https:\/\/inheiden.de\/wp-content\/uploads\/2023\/04\/image-11.png\" alt=\"\" class=\"wp-image-516\" srcset=\"https:\/\/inheiden.de\/wp-content\/uploads\/2023\/04\/image-11.png 534w, https:\/\/inheiden.de\/wp-content\/uploads\/2023\/04\/image-11-235x300.png 235w\" sizes=\"auto, (max-width: 534px) 100vw, 534px\" \/><\/figure>\n\n\n\n<p>Hofansicht.<\/p>\n\n\n\n<p>Auf dem Balkon steht Barbara Wei\u00df.<\/p>\n\n\n\n<figure class=\"wp-block-image size-full\"><img loading=\"lazy\" decoding=\"async\" width=\"709\" height=\"473\" src=\"https:\/\/inheiden.de\/wp-content\/uploads\/2023\/04\/image-12.png\" alt=\"\" class=\"wp-image-517\" srcset=\"https:\/\/inheiden.de\/wp-content\/uploads\/2023\/04\/image-12.png 709w, https:\/\/inheiden.de\/wp-content\/uploads\/2023\/04\/image-12-300x200.png 300w\" sizes=\"auto, (max-width: 709px) 100vw, 709px\" \/><\/figure>\n\n\n\n<p>Blick auf das Wohnhaus und das alte Schulgeb\u00e4ude im Winter 1964<\/p>\n\n\n\n<figure class=\"wp-block-image size-full\"><img loading=\"lazy\" decoding=\"async\" width=\"658\" height=\"458\" src=\"https:\/\/inheiden.de\/wp-content\/uploads\/2023\/04\/image-13.png\" alt=\"\" class=\"wp-image-518\" srcset=\"https:\/\/inheiden.de\/wp-content\/uploads\/2023\/04\/image-13.png 658w, https:\/\/inheiden.de\/wp-content\/uploads\/2023\/04\/image-13-300x209.png 300w\" sizes=\"auto, (max-width: 658px) 100vw, 658px\" \/><\/figure>\n\n\n\n<p>Fertigstellung des Anbaus im Jahr 1973 f\u00fcr das junge Paar Mechthild und Gerhard Wei\u00df.<\/p>\n\n\n\n<p>Im Vordergrund steht der Ford Taunus von Gerhard Wei\u00df.<\/p>\n\n\n\n<figure class=\"wp-block-image size-full\"><img loading=\"lazy\" decoding=\"async\" width=\"932\" height=\"538\" src=\"https:\/\/inheiden.de\/wp-content\/uploads\/2023\/04\/image-14.png\" alt=\"\" class=\"wp-image-519\" srcset=\"https:\/\/inheiden.de\/wp-content\/uploads\/2023\/04\/image-14.png 932w, https:\/\/inheiden.de\/wp-content\/uploads\/2023\/04\/image-14-300x173.png 300w, https:\/\/inheiden.de\/wp-content\/uploads\/2023\/04\/image-14-768x443.png 768w\" sizes=\"auto, (max-width: 932px) 100vw, 932px\" \/><\/figure>\n\n\n\n<p>Blick von der Volksbank Inheiden-Villingen und dem Feuerwehrger\u00e4tehaus<\/p>\n\n\n\n<figure class=\"wp-block-image size-full\"><img loading=\"lazy\" decoding=\"async\" width=\"723\" height=\"519\" src=\"https:\/\/inheiden.de\/wp-content\/uploads\/2023\/04\/image-15.png\" alt=\"\" class=\"wp-image-520\" srcset=\"https:\/\/inheiden.de\/wp-content\/uploads\/2023\/04\/image-15.png 723w, https:\/\/inheiden.de\/wp-content\/uploads\/2023\/04\/image-15-300x215.png 300w\" sizes=\"auto, (max-width: 723px) 100vw, 723px\" \/><\/figure>\n\n\n\n<p>Bis zum erneuten Umbau des Wohnhauses, Anfang der Jahrtausendwende, gab es kaum Ver\u00e4nderungen an dem Geb\u00e4ude.<\/p>\n\n\n\n<p>(Fotos: Mechthild Wei\u00df)<\/p>\n","protected":false},"excerpt":{"rendered":"<p>Haus Familie Frank\/Wei\u00df Das Haus steht in der Stefan-Kuhn-Str. 10 Das Geb\u00e4ude wurde vermutlich um 1880 von Heinrich Frank (geb. 1844 in Rudingshain) und seiner Frau Christiane (geb. 1839 in Inheiden) erbaut. Heinrich Frank war der letzte Postkutscher in Inheiden. Er spannte morgens um 5 Uhr die Pferde an und fuhr nach Nieder-W\u00f6llstadt zur n\u00e4chsten [&hellip;]<\/p>\n","protected":false},"author":1,"featured_media":0,"parent":0,"menu_order":0,"comment_status":"closed","ping_status":"closed","template":"","meta":{"ngg_post_thumbnail":0,"footnotes":""},"class_list":["post-290","page","type-page","status-publish","hentry"],"_links":{"self":[{"href":"https:\/\/inheiden.de\/index.php?rest_route=\/wp\/v2\/pages\/290","targetHints":{"allow":["GET"]}}],"collection":[{"href":"https:\/\/inheiden.de\/index.php?rest_route=\/wp\/v2\/pages"}],"about":[{"href":"https:\/\/inheiden.de\/index.php?rest_route=\/wp\/v2\/types\/page"}],"author":[{"embeddable":true,"href":"https:\/\/inheiden.de\/index.php?rest_route=\/wp\/v2\/users\/1"}],"replies":[{"embeddable":true,"href":"https:\/\/inheiden.de\/index.php?rest_route=%2Fwp%2Fv2%2Fcomments&post=290"}],"version-history":[{"count":2,"href":"https:\/\/inheiden.de\/index.php?rest_route=\/wp\/v2\/pages\/290\/revisions"}],"predecessor-version":[{"id":521,"href":"https:\/\/inheiden.de\/index.php?rest_route=\/wp\/v2\/pages\/290\/revisions\/521"}],"wp:attachment":[{"href":"https:\/\/inheiden.de\/index.php?rest_route=%2Fwp%2Fv2%2Fmedia&parent=290"}],"curies":[{"name":"wp","href":"https:\/\/api.w.org\/{rel}","templated":true}]}}