{"id":294,"date":"2022-11-01T19:52:26","date_gmt":"2022-11-01T19:52:26","guid":{"rendered":"https:\/\/inheiden.de\/?page_id=294"},"modified":"2023-06-05T15:56:02","modified_gmt":"2023-06-05T15:56:02","slug":"hof-springborn","status":"publish","type":"page","link":"https:\/\/inheiden.de\/?page_id=294","title":{"rendered":"Hof Springborn"},"content":{"rendered":"\n<figure class=\"wp-block-image size-large\"><img loading=\"lazy\" decoding=\"async\" width=\"1024\" height=\"683\" src=\"https:\/\/inheiden.de\/wp-content\/uploads\/2022\/11\/Hof-Springborn-small-1024x683.jpg\" alt=\"\" class=\"wp-image-295\" srcset=\"https:\/\/inheiden.de\/wp-content\/uploads\/2022\/11\/Hof-Springborn-small-1024x683.jpg 1024w, https:\/\/inheiden.de\/wp-content\/uploads\/2022\/11\/Hof-Springborn-small-300x200.jpg 300w, https:\/\/inheiden.de\/wp-content\/uploads\/2022\/11\/Hof-Springborn-small-768x512.jpg 768w, https:\/\/inheiden.de\/wp-content\/uploads\/2022\/11\/Hof-Springborn-small-1536x1024.jpg 1536w, https:\/\/inheiden.de\/wp-content\/uploads\/2022\/11\/Hof-Springborn-small-2048x1365.jpg 2048w\" sizes=\"auto, (max-width: 1024px) 100vw, 1024px\" \/><figcaption class=\"wp-element-caption\"><strong>Hof Springborn<\/strong><\/figcaption><\/figure>\n\n\n\n<p>Wer wohnt bzw. wohnte noch in der ehemaligen <strong>Hintergasse<\/strong>, heute <strong>Hinterm Turm<\/strong>?<\/p>\n\n\n<div class=\"wp-block-image\">\n<figure class=\"aligncenter size-full\"><img loading=\"lazy\" decoding=\"async\" width=\"538\" height=\"257\" src=\"https:\/\/inheiden.de\/wp-content\/uploads\/2023\/06\/image-1.png\" alt=\"\" class=\"wp-image-536\" srcset=\"https:\/\/inheiden.de\/wp-content\/uploads\/2023\/06\/image-1.png 538w, https:\/\/inheiden.de\/wp-content\/uploads\/2023\/06\/image-1-300x143.png 300w\" sizes=\"auto, (max-width: 538px) 100vw, 538px\" \/><\/figure>\n<\/div>\n\n\n<p>Kleinstes H\u00e4uschen von Inheiden (hier die Hofansicht), Hinterm Turm Nr. 16<\/p>\n\n\n\n<p>Urspr\u00fcnglich befand sich das kleinste H\u00e4uschen Inheidens auf separatem Grundst\u00fcck. Es wurde erst sp\u00e4ter von Otto Bornmann erworben. In dem H\u00e4uschen gibt es zwei Zimmer, auf 2 Stockwerken, beide nicht mal 10 qm gro\u00df. Die ersten uns bekannten Bewohner waren:<\/p>\n\n\n\n<p>Friedel Fink und Eltern<\/p>\n\n\n\n<p>Ida Leidner und Eltern<\/p>\n\n\n\n<p>Frau Brunner mit 6 Kindern, sie kamen aus Frankfurt\/M.<\/p>\n\n\n\n<p>Frau Marie Richter mit 4 Kindern<\/p>\n\n\n\n<p>Frau Riedl mit Sohn<\/p>\n\n\n\n<p>Opa Paul \u2013 keiner kennt seinen Nachnamen. Er kam angeblich mit seinem Handwagen aus Ungarn und wohnte vorher im ehemaligen Spritzenhaus neben der ehemaligen Gefrieranlage, heute im Besitz der Familie Ernst Prost.<\/p>\n\n\n\n<p>Otto Schmidt \u2013 genannt Rastelli \u2013 war der letzte Bewohner des H\u00e4uschens, das heute leer steht und der Familie Mauksch geh\u00f6rt.<\/p>\n\n\n\n<p>Hinterm Turm Nr. 14<\/p>\n\n\n<div class=\"wp-block-image\">\n<figure class=\"aligncenter size-full\"><img loading=\"lazy\" decoding=\"async\" width=\"433\" height=\"264\" src=\"https:\/\/inheiden.de\/wp-content\/uploads\/2023\/06\/image-2.png\" alt=\"\" class=\"wp-image-537\" srcset=\"https:\/\/inheiden.de\/wp-content\/uploads\/2023\/06\/image-2.png 433w, https:\/\/inheiden.de\/wp-content\/uploads\/2023\/06\/image-2-300x183.png 300w\" sizes=\"auto, (max-width: 433px) 100vw, 433px\" \/><\/figure>\n<\/div>\n\n\n<p>(Foto: Fam. Bickelhaupt)<\/p>\n\n\n\n<p>Hier sieht man Erich Bickelhaupt mit seinem Ochsengespann. Das Bild entstand ca. 1965.<\/p>\n\n\n\n<p>Er wohnte in der Hintergasse 14.<\/p>\n\n\n\n<p>Hinterm Turm Nr. 12<\/p>\n\n\n<div class=\"wp-block-image\">\n<figure class=\"aligncenter size-full\"><img loading=\"lazy\" decoding=\"async\" width=\"633\" height=\"630\" src=\"https:\/\/inheiden.de\/wp-content\/uploads\/2023\/06\/HintermTur.jpg\" alt=\"\" class=\"wp-image-538\" srcset=\"https:\/\/inheiden.de\/wp-content\/uploads\/2023\/06\/HintermTur.jpg 633w, https:\/\/inheiden.de\/wp-content\/uploads\/2023\/06\/HintermTur-300x300.jpg 300w, https:\/\/inheiden.de\/wp-content\/uploads\/2023\/06\/HintermTur-150x150.jpg 150w\" sizes=\"auto, (max-width: 633px) 100vw, 633px\" \/><\/figure>\n<\/div>\n\n\n<p>(Foto: Fam. Wilhelm)<\/p>\n\n\n\n<p>Samstags wurde die \u201eGasse gekehrt\u201c \u2013 und dabei allerlei Neuigkeiten ausgetauscht.<\/p>\n\n\n\n<p>Hier sieht man Ernst Wilhelm und seinen Enkel Thomas, etwa im Jahr 1971\/72 nach getaner Arbeit.<\/p>\n\n\n\n<p>Hinterm Turm Nr. 10<\/p>\n\n\n<div class=\"wp-block-image\">\n<figure class=\"aligncenter size-full\"><img loading=\"lazy\" decoding=\"async\" width=\"358\" height=\"353\" src=\"https:\/\/inheiden.de\/wp-content\/uploads\/2023\/06\/image-3.png\" alt=\"\" class=\"wp-image-539\" srcset=\"https:\/\/inheiden.de\/wp-content\/uploads\/2023\/06\/image-3.png 358w, https:\/\/inheiden.de\/wp-content\/uploads\/2023\/06\/image-3-300x296.png 300w\" sizes=\"auto, (max-width: 358px) 100vw, 358px\" \/><\/figure>\n<\/div>\n\n\n<p>(Foto: Sieglinde Sch\u00e4fer)<\/p>\n\n\n\n<p>Dieses Bild zeigt Ida Kehm ca. 1960. Sie war die Ehefrau von Richard Kehm, der mit seinem Vater Kaspar auf dem Hof eine Schmiede betrieb. Nach dem Tod von Kaspar Kehm im Jahr 1955 arbeitete Richard noch bis ungef\u00e4hr Anfang der 1960er Jahre als Hufschmied. Die Schmiede wurde 1976\/77 abgerissen.<\/p>\n\n\n\n<p>Heute wohnt dort Sieglinde Sch\u00e4fer, geb. Kehm mit ihren S\u00f6hnen Jens und Steffen mit Familie. Sieglinde Sch\u00e4fer ist die Ehefrau unseres ehemaligen Ortsvorstehers Heinz Joachim Sch\u00e4fer, der 2021 verstarb.<\/p>\n\n\n\n<p>Hinterm Turm Nr. 8<\/p>\n\n\n<div class=\"wp-block-image\">\n<figure class=\"aligncenter size-full\"><img loading=\"lazy\" decoding=\"async\" width=\"557\" height=\"578\" src=\"https:\/\/inheiden.de\/wp-content\/uploads\/2023\/06\/image-4.png\" alt=\"\" class=\"wp-image-540\" srcset=\"https:\/\/inheiden.de\/wp-content\/uploads\/2023\/06\/image-4.png 557w, https:\/\/inheiden.de\/wp-content\/uploads\/2023\/06\/image-4-289x300.png 289w\" sizes=\"auto, (max-width: 557px) 100vw, 557px\" \/><\/figure>\n<\/div>\n\n\n<p>(Foto: Fam. Schneider)<\/p>\n\n\n\n<p>Das alte H\u00e4uschen in der Hintergasse 8 hatte Ottilie Wolf, geb. Koch (* 1892) von der Familie Raab geerbt. Sie lebte dort mit ihrem Mann Heinrich Wolf * 1888, der aus Utphe stammte. 1930 bauten sie das jetzige Wohnhaus nebenan. Da ihr Sohn Hermann 1941 im Krieg gefallen war, holten sie dessen Cousin Heinrich Schneider aus Trais-Horloff nach Inheiden.<\/p>\n\n\n\n<p>So lebten hier ab 1954 Ottilie und Heinrich Wolf zusammen mit Heinrich Schneider, dessen Frau Toni und den 3 Kindern Inge, Hermann und Horst, wobei die Kinder ganz alleine im alten Haus schliefen. Das neue Haus wurde 1960 aufgestockt.<\/p>\n\n\n\n<p>Heute wohnen hier Horst und Sigrid Schneider.<\/p>\n\n\n\n<p>Auf dem Bild sieht man Heinrich Schneider mit seiner Enkelin Agnes Springborn, geb. Bickelhaupt vor dem alten Haus, das 1971 abgerissen und dort eine Garage errichtet wurde.<\/p>\n","protected":false},"excerpt":{"rendered":"<p>Wer wohnt bzw. wohnte noch in der ehemaligen Hintergasse, heute Hinterm Turm? Kleinstes H\u00e4uschen von Inheiden (hier die Hofansicht), Hinterm Turm Nr. 16 Urspr\u00fcnglich befand sich das kleinste H\u00e4uschen Inheidens auf separatem Grundst\u00fcck. Es wurde erst sp\u00e4ter von Otto Bornmann erworben. In dem H\u00e4uschen gibt es zwei Zimmer, auf 2 Stockwerken, beide nicht mal 10 [&hellip;]<\/p>\n","protected":false},"author":1,"featured_media":0,"parent":0,"menu_order":0,"comment_status":"closed","ping_status":"closed","template":"","meta":{"ngg_post_thumbnail":0,"footnotes":""},"class_list":["post-294","page","type-page","status-publish","hentry"],"_links":{"self":[{"href":"https:\/\/inheiden.de\/index.php?rest_route=\/wp\/v2\/pages\/294","targetHints":{"allow":["GET"]}}],"collection":[{"href":"https:\/\/inheiden.de\/index.php?rest_route=\/wp\/v2\/pages"}],"about":[{"href":"https:\/\/inheiden.de\/index.php?rest_route=\/wp\/v2\/types\/page"}],"author":[{"embeddable":true,"href":"https:\/\/inheiden.de\/index.php?rest_route=\/wp\/v2\/users\/1"}],"replies":[{"embeddable":true,"href":"https:\/\/inheiden.de\/index.php?rest_route=%2Fwp%2Fv2%2Fcomments&post=294"}],"version-history":[{"count":2,"href":"https:\/\/inheiden.de\/index.php?rest_route=\/wp\/v2\/pages\/294\/revisions"}],"predecessor-version":[{"id":541,"href":"https:\/\/inheiden.de\/index.php?rest_route=\/wp\/v2\/pages\/294\/revisions\/541"}],"wp:attachment":[{"href":"https:\/\/inheiden.de\/index.php?rest_route=%2Fwp%2Fv2%2Fmedia&parent=294"}],"curies":[{"name":"wp","href":"https:\/\/api.w.org\/{rel}","templated":true}]}}